{"id":23,"date":"2021-01-04T14:19:24","date_gmt":"2021-01-04T14:19:24","guid":{"rendered":"https:\/\/create4.net\/raburchard\/?page_id=23"},"modified":"2022-11-22T18:11:40","modified_gmt":"2022-11-22T18:11:40","slug":"23-2","status":"publish","type":"page","link":"https:\/\/ra-burchard.de\/","title":{"rendered":"Ohne Titel"},"content":{"rendered":"\n<p>Nachdem ich viele Jahre als Fachanwalt f\u00fcr Strafrecht in Hamburg Altona t\u00e4tig war, bin ich seit Januar 2021 nun in Hamburg-Eppendorf, in der Heilwigstra\u00dfe 39, 20249 Hamburg, zu erreichen.<\/p>\n\n\n\n<p>Dort arbeite ich mit den Kollegen Dr. Andreas Mosenheuer, Philipp Naumann &#8211; beide Fachanw\u00e4lte f\u00fcr Strafrecht &#8211; in der B\u00fcrogemeinschaft <a rel=\"noreferrer noopener\" href=\"http:\/\/strafrechtsbuero-hamburg.de\/\" target=\"_blank\">Strafrechtsb\u00fcro Hamburg<\/a> zusammen.<\/p>\n\n\n\n<p>In meinem T\u00e4tigkeitsschwerpunkt Strafrecht befasse ich mich insbesondere mit Jugendstrafrecht, allgemeinem Strafrecht, Psychiatriestrafrecht, Unterbringung im Ma\u00dfregelvollzug, Bet\u00e4ubungsmittelverfahren, Ermittlungsverfahren, Haftbefehl, Zuf\u00fchrungen, Haftpr\u00fcfung, Haftbeschwerde, Durchsuchung, Strafbefehlsverfahren und Nebenklage.<\/p>\n","protected":false},"excerpt":{"rendered":"<p>Nachdem ich viele Jahre als Fachanwalt f\u00fcr Strafrecht in Hamburg Altona t\u00e4tig war, bin ich seit Januar 2021 nun in Hamburg-Eppendorf, in der Heilwigstra\u00dfe 39, 20249 Hamburg, zu erreichen. Dort arbeite ich mit den Kollegen Dr. Andreas Mosenheuer, Philipp Naumann &#8211; beide Fachanw\u00e4lte f\u00fcr Strafrecht &#8211; in der B\u00fcrogemeinschaft Strafrechtsb\u00fcro Hamburg zusammen. In meinem T\u00e4tigkeitsschwerpunkt&hellip; <a class=\"more-link\" href=\"https:\/\/ra-burchard.de\/\"><span class=\"screen-reader-text\">Ohne Titel<\/span> weiterlesen<\/a><\/p>\n","protected":false},"author":1,"featured_media":70,"parent":0,"menu_order":0,"comment_status":"closed","ping_status":"closed","template":"","meta":[],"_links":{"self":[{"href":"https:\/\/ra-burchard.de\/index.php\/wp-json\/wp\/v2\/pages\/23"}],"collection":[{"href":"https:\/\/ra-burchard.de\/index.php\/wp-json\/wp\/v2\/pages"}],"about":[{"href":"https:\/\/ra-burchard.de\/index.php\/wp-json\/wp\/v2\/types\/page"}],"author":[{"embeddable":true,"href":"https:\/\/ra-burchard.de\/index.php\/wp-json\/wp\/v2\/users\/1"}],"replies":[{"embeddable":true,"href":"https:\/\/ra-burchard.de\/index.php\/wp-json\/wp\/v2\/comments?post=23"}],"version-history":[{"count":25,"href":"https:\/\/ra-burchard.de\/index.php\/wp-json\/wp\/v2\/pages\/23\/revisions"}],"predecessor-version":[{"id":100,"href":"https:\/\/ra-burchard.de\/index.php\/wp-json\/wp\/v2\/pages\/23\/revisions\/100"}],"wp:featuredmedia":[{"embeddable":true,"href":"https:\/\/ra-burchard.de\/index.php\/wp-json\/wp\/v2\/media\/70"}],"wp:attachment":[{"href":"https:\/\/ra-burchard.de\/index.php\/wp-json\/wp\/v2\/media?parent=23"}],"curies":[{"name":"wp","href":"https:\/\/api.w.org\/{rel}","templated":true}]}}